{"id":16,"date":"2008-04-01T15:48:57","date_gmt":"2008-04-01T14:48:57","guid":{"rendered":"http:\/\/winter.artur.eu\/wordpress\/?page_id=16"},"modified":"2026-02-12T13:08:33","modified_gmt":"2026-02-12T12:08:33","slug":"referenzen-und-kunden","status":"publish","type":"page","link":"http:\/\/www.kunstbuero-winter.de\/wordpress\/referenzen-und-kunden\/","title":{"rendered":"Referenzen"},"content":{"rendered":"<h5>Ausstellungen<\/h5>\n<ul>\n<li>Seit dem Herbst 2005 bestand eine Kooperation zwischen dem Kunstb\u00fcro Winter und der Firma Spitzbart Treppen, die im Januar 2010 endete, als Dr. Annegret Winter f\u00fcr drei Jahre nach Wien ging. Im Rahmen dieser T\u00e4tigkeit entstanden verschiedenen Ausstellungen. Am 19. September 2008 er\u00f6ffnete das\u00a0Forum Treppe\u00a0im Stammhaus der Firma Spitzbart mit einer Ausstellung neunzehn zeitgen\u00f6ssischer K\u00fcnstlern. Zu dieser Ausstellung ist ein Katalog erschienen. Die Ausstellung \u2018Wunschbilder\u2018 in der Filiale SpitzbartTreppen in M\u00fcnchen zeigte vom 5. Februar bis 27. April 2009 Arbeiten von Mireille Jautz, Rainer Fest, Michaela Gottstein und Bettina Graber. Vom 12. Juni bis Ende September 2009 fanden im Stammhaus der Firma Spitzbart in Oberasbach eine Ausstellung mit Skulpturen und Reliefs der K\u00fcnstlerin Sabine Straub statt. In der M\u00fcnchner Spitzbart-Filiale war zeitgleich eine Ausstellung mit Bettina Graber, Iris Hutegger und Petra Thalmeier unter dem Titel \u2018Berge &#8211; Heimat und Idylle&#8216; zu sehen. Seit Mitte Januar (bis Herbst) 2010 ist die Ausstellung von Iris Hutegger unter dem Titel \u2018Bitte, nehmen Sie Platz&#8216; zu sehen. Zu dieser Ausstellung ist eine Dokumentation erschienen (siehe unter Publikationen).<\/li>\n<li>Ausstellungen Galerie Bernsteinzimmer, N\u00fcrnberg: Ausstellungskonzeption, Er\u00f6ffnungsrede, Pressearbeit von Herbst 2001 bis Sommer 2007, so 2001: Peter Hammer, 2002: Elisabeth Ensenberger (Regensburg), Christiane Spahl (F\u00fcrth), Sammlung Appelt (Leinburg), 2003: Wolf Sakowski (N\u00fcrnberg), Irma Stolz (N\u00fcrnberg, Amsterdam) und Martin Graf (Hamburg), Johannes Gr\u00fctzke (Berlin), Isi Kunath (Erlangen), 2004: Michael Munding (F\u00fcrth) \u201aQuerformate\u2019, Dasdemed Sampil (N\u00fcrnberg), Peter Angermann \u201aJugends\u00fcnden\u2019 (N\u00fcrnberg), Audrey Ng (Amsterdam) \u201aArtistic poses\u2019, \u201anice in Nice\u2019 \u2013 10 K\u00fcnstler aus Nizza, 2005: Olga von Moorende (N\u00fcrnberg), Michael Schneider (N\u00fcrnberg) \u201aKopfrechnen\u2019, Maria Bu\u00dfmann (Wien, New York) \u201aich war noch nie in Japan\u2019, 2006: Dan Reeder (N\u00fcrnberg), Philipp Moll (N\u00fcrnberg) \u201aArschbarock\u2019, Anna Bien (N\u00fcrnberg) \u201aTout va Bien\u2019, J\u00fcrgen Durner (Berlin, London) \u201aWasserspiegelbilder\u2019, Roger Libesch (Erlangen) \u201a50 mal 70\u2019, Katastrophen\u2019 (Gruppenausstellung in Zusammenarbeit mit dem Kunstverein Graz in Regensburg), 2007: Eunhui Lee und Changmin Lee, Rubin Hirschbeck und Volker Schildmann \u201aIdyllen und Katastrophen&#8216;, Thomas Schroth \u201eAugenschMaus&#8220;, Uwe Schloen. 2008: <strong>F\u00f6rderpreis<\/strong> der Stadt N\u00fcrnberg.<\/li>\n<li>Ausstellungsleitung \u201ePositionen + Tendenzen. Junge Kunst in Franken\u201c (1994\/95) f\u00fcr die Albrecht D\u00fcrer Gesellschaft N\u00fcrnberg in Zusammenarbeit mit dem Institut f\u00fcr moderne Kunst<\/li>\n<li>Ausstellungsmitarbeit am Germanischen Nationalmuseum N\u00fcrnberg: Friedrich Adler (1994), Henry van de Velde (1993\/94), Max Kaus (1991) und Friedrich Knupper (1990\/91)<\/li>\n<\/ul>\n<h5 style=\"text-align: justify;\">Ausstellungsvermittlung<\/h5>\n<ul type=\"square\">\n<li>&#8222;Meisterwerke der klassischen Moderne&#8220; pr\u00e4sentierte Schloss Weissenhaus bei Wandels\/Ostholstein vom 15.September bis 16.November 2003. Circa 80 Werke von Henri Matisse, Pablo Picasso, Joan Mir\u00f3 und Georges Braque aus der Sammlung Classen des Grapfikmuseum Pablo Picasso M\u00fcnster<\/li>\n<li>Die Bratwurst. Eine Ausstellung von Gisela Hellinger. Fand 2003 im Fembohaus N\u00fcrnberg statt.<\/li>\n<\/ul>\n<h5 style=\"text-align: justify;\">Forschungsprojekte<\/h5>\n<ul type=\"square\">\n<li>Buchprojekt: Italienische Begegnungen. Daraus u.a.: &#8211; Michelangelo oder Raffael? Wilhelm Heinses italienische Reise und sein Ideal der Malerei. Originalver\u00f6ffentlichung in: www.parapluie.de.<\/li>\n<li>Die fragmentierte Frau (2000-2006). Dazu im Mai 2007 einen Vortrag im Kunstverein Graz in Regensburg.<\/li>\n<li>Am Germanischen Nationalmuseum N\u00fcrnberg\u00a0\u00a0zum Thema K\u00fcnstlerkolonien (1996-1998), auch vorort: Darmstadt, Monte Verit\u00e0 u.a.<\/li>\n<\/ul>\n<h5 style=\"text-align: justify;\">Kunstsponsoring<\/h5>\n<ul type=\"square\">\n<li>Piloten im Wind. Flugaktion im Rahmen der Blauen Nacht 2005 von Radka Tuh\u00e1ckov\u00e1 und Hermann Wenninger.<\/li>\n<li>2. K\u00fcnstlerkolonie Schlo\u00df Almoshof\/N\u00fcrnberg (2005).<\/li>\n<li>Ausstellungsmanagement und Sponsoring: Die Bratwurst. Eine Ausstellung von Gisela Hellinger. Fand 2003 im Fembohaus N\u00fcrnberg statt.<\/li>\n<li>Ausstellungsleitung \u201ePositionen + Tendenzen. Junge Kunst in Franken\u201c (1994\/95) f\u00fcr die Albrecht D\u00fcrer Gesellschaft N\u00fcrnberg in Zusammenarbeit mit dem Institut f\u00fcr moderne Kunst<\/li>\n<\/ul>\n<h5 style=\"text-align: justify;\">Lehrauftrag<\/h5>\n<ul>\n<li>an der Fachhochschule N\u00fcrnberg &#8222;Geschichte der Architektur: 19. Jahrhundert&#8220; (2004\/05)<\/li>\n<li>an der Akademie der Bildenden K\u00fcnste N\u00fcrnberg \u201eWeibs-Bilder. Die Frau als Bildmotiv und Bedeutungstr\u00e4ger in der Kunst der zweiten H\u00e4lfte des 19. Jahrhunderts\u201c (2000\/01)<\/li>\n<\/ul>\n<h5 style=\"text-align: justify;\">Presse<\/h5>\n<ul>\n<li>Die Kunstgalerie im Cyperspace. In: N\u00fcrnberg plus. 29. M\u00e4rz 2005<\/li>\n<li>Kunst f\u00f6rdert Image. WINTER &amp; SCHELS bringen Kunst und Wirtschaft zusammen. In: Wirtschaft in Mittelfranken. Ausgabe 02\/2005<\/li>\n<li>Kauf mich! Vom schwierigen Verh\u00e4ltnis von Kunst und Wirtschaft.Interview in: franzundsprengel. 1.Ausgabe Januar 2004<\/li>\n<\/ul>\n<h5 style=\"text-align: justify;\">Projektmanagement<\/h5>\n<ul>\n<li>Seminar bei debis Systemhaus Training GmbH<\/li>\n<\/ul>\n<h5>Kurzbiografie unter<\/h5>\n<ul>\n<li>https:\/\/www.clio-online.de\/researcher\/id\/researcher-5838?title=annegret-winter&amp;recno=1&amp;q=&amp;sort=&amp;fq=&amp;total=6223<\/li>\n<\/ul>\n<h5><\/h5>\n<h5>Publikationen und Digitalisate unter <a href=\"https:\/\/www.arthistoricum.net\">arthistoricum.net<\/a>\u00a0 und\u00a0<a href=\"http:\/\/archiv.ub.uni-heidelberg.de\/artdok\">ART-Dok<\/a><\/h5>\n<ul type=\"square\">\n<li>Der \u201eSacro Bosco&#8220; des Vicino Orsini bei Bomarzo. Ein Gegenentwurf zur Falschheit der Welt. In: In: Arx. Burgen und Schl\u00f6sser in Bayern, \u00d6sterreich und S\u00fcdtirol. H.2. 35. Jahrgang. Bozen 2013. S. 51-59.<\/li>\n<li>Die fragmentierte Frau &#8211; eine Fallstudie.<\/li>\n<li>Thomas Ender &#8211; Katalogisieung der S\u00fcdtioler Landschaft. In: Arx. Burgen und Schl\u00f6sser in Bayern, \u00d6sterreich und S\u00fcdtirol. H.1. 35. Jahrgang. Bozen 2013. S. 25-32.<\/li>\n<li>Anselm Feuerbach und sein r\u00f6misches Modell Anna Risi \u2013 eine Spurensuche.<\/li>\n<li>Franca Thuns Tierbilder oder Vom Verschwinden der Tiere.<\/li>\n<li>Der Giardino Garzoni von Collodi. Geschichten, die ein Garten erz\u00e4hlt. in: ARX. Burgen und Schl\u00f6sser in Bayern, \u00d6sterreich und S\u00fcdtirol. H. 1. 33. Jahrgang. Bozen 2011. S. 43ff.<\/li>\n<li>Bitte, Nehmen Sie Platz.\u00a0Iris Hutegger\u00a0&#8211; Raumarbeit mit Erde und Fotografien. Ausstellungsdokumentation im Spitzbart_FORUMTREPPE 2010.<\/li>\n<li>Welterfindungen und Denkmaschinen. In: Katalog zur Ausstellung &#8222;Astronauten zur Venus&#8220;. Werke der Sammlung Appelt. Zentrifuge &#8211; Verein f\u00fcr Kommunikation, Kunst und Kultur e.V., N\u00fcrnberg 2009.<\/li>\n<li>Berge &#8211; Heimat und Idylle. Texte zur Ausstellung von Bettina Graber, Iris Hutegger und Petra Thalmeier. F\u00fcr Spitzbart Treppen 2009.<\/li>\n<li>Sabine Straub &#8211; Modulstrukturen. Text zur Ausstellung. F\u00fcr Spitzbart Treppen 2009.<\/li>\n<li>Rezension des Buches &#8218;Zukunft Kulturwirtschaft. Zwischen K\u00fcnstlertum und Kreativwirtschaft.&#8216; von Olaf Zimmermann u.a. In: industrie-kultur. Ausgabe 2\/2009. S. 56.<\/li>\n<li>Fr\u00fchindustrielles Werftquartier: das Arsenal in Venedig. In: industrie-kultur. Ausgabe 4\/2008. S. 9f.<\/li>\n<li>Einf\u00fchrender Text und alle Texte zu den K\u00fcnstlern f\u00fcr den Katalog Spitzbart_Treppe trifft Kunst. Oberasbach 2008.<\/li>\n<li>Text f\u00fcr Ausstellung von &#8218;Portr\u00e4ts&#8216; von Steffi Nikol in der Akademie der Bildenden K\u00fcnste N\u00fcrnberg. Februar 2008.<\/li>\n<li>Der Kanon hinter dem Bild oder Des Malers Attit\u00fcde. In: Katalog\u00a0<a href=\"http:\/\/hsz-art.de\/projekte\/kataloge.htm\" target=\"_blank\" rel=\"noopener\"><span style=\"color: #000000;\"><span class=\"Apple-style-span\" style=\"text-decoration: none;\">Szilard Huszank<\/span><\/span><\/a>. Malerei 2001-2007.<\/li>\n<li>Text f\u00fcr die DVD &#8218;Sector C&#8216; von Rudolf Henninger, 2006.<\/li>\n<li>Limonaie am Gardasee. Architektonische Restbest\u00e4nde einer Bauernkultur. In: Arx. Burgen und Schl\u00f6sser in Bayern, \u00d6sterreich und S\u00fcdtirol. H.2. Bozen 2006.<\/li>\n<li>Michelangelo oder Raffael? Wilhelm Heinses italienische Reise und sein Ideal der Malerei (2004). Originalver\u00f6ffentlichung in: www.parapluie.de.<\/li>\n<li>Reisereportagen f\u00fcr Vivere, die illustrierte Zeitschrift f\u00fcr alle Liebhaber Italiens (2003 und 2004) \u00fcber Noli an der ligurischen K\u00fcste, Sabbioneta\u00a0und das Grabmal der Familie Brion von Carlo Scarpa.<\/li>\n<li>Besprechung der Ausstellung FRANZ ACKERMANN in der Kunsthalle N\u00fcrnberg f\u00fcr webmuseen.de (2003).<\/li>\n<li>(mit Werner Stubenvoll): Digitalisierung gro\u00dfer Bildbest\u00e4nde beim Dienstleister ArsPublica. In: Museum aktuell. Die Zeitschrift f\u00fcr Museumspraxis und Museologie im deutschsprachigen Raum. Nr. 69, Mai\/Juni 2001, S. 2807f.<\/li>\n<li>Gibellina \u2013 Oder was tat Beuys in Sizilien? (Fotos und Text) F\u00fcr: www.schwarzaufweiss.de, Sept. 2000.<\/li>\n<li>Serge Poliakoff. In: Katalog Abstrakte Kunst. Neues Museum. Staatliches Museum f\u00fcr Kunst und Design. N\u00fcrnberg 2000.<\/li>\n<li>Farbreife. Text f\u00fcr den Katalog von Claudia Eck \u201aMalerei\u2018. N\u00fcrnberg 1999.<\/li>\n<li>Diefenbacher, Michael; Rudolf Endres: Stadtlexikon N\u00fcrnberg. N\u00fcrnberg 1999.<\/li>\n<li>Wie \u00e4u\u00dferten sich K\u00fcnstler \u00fcber ihr Leben in K\u00fcnstlerkolonien? Vergleiche zwischen den schriftlichen Nachl\u00e4ssen des Malers Carl Bantzer und anderer K\u00fcnstler im Archiv f\u00fcr Bildende Kunst im Germanischen Nationalmuseum. In: Anzeiger des Germanischen Nationalmuseum N\u00fcrnberg 1999.<\/li>\n<li>Diverse Rezensionen: In: KunstbuchAnzeiger, 1998-2005: vornehmlich \u00fcber italienische Kunstgeschichte, symbolistische Kunst, zeitgen\u00f6ssische Kunst und das Bild der Frau in der Bildenden Kunst .<\/li>\n<li>Diverse Kurzrezensionen f\u00fcr die Jahrb\u00fccher 1995-1997 des Instituts f\u00fcr moderne Kunst N\u00fcrnberg \u00fcber Kataloge von Sam Francis, Norbert Kricke, Matthew McCaslin, Nonkonformisten Ru\u00dfland 1957-1995, Raffael Rheinsberg, Fred Thieler, Heiner Blum, Anna und Bernhard Blume, Blalla W. Hallmann, Stephan Melzl. Carsten Nicolai, Anna Oppermann, Jenny Watson. Franz West, Karin Hoerler.<\/li>\n<li>Diverse Artikel im Katalog &#8222;Positionen und Tendenzen. Junge Kunst in Franken.&#8220; Albrecht D\u00fcrer Gesellschaft N\u00fcrnberg 1995.<\/li>\n<li>Ein \u201estyle Mucha\u201c? Zum Frauenbild in Kunst und Dekoration um 1900. Verlag f\u00fcr Datenbanken und Geisteswissenschaften. Weimar 1995 (480S.).<\/li>\n<li>eBook: Ein &#8222;style Mucha&#8220;? Zum Frauenbild in Kunst und Dekoration um 1900. VDG Weimar 1995.<\/li>\n<li>Claus Schobig. Ein phantastischer Realist. 3 Bd.e. N\u00fcrnberg 1995.<\/li>\n<li>(mit Ruth Negendankck): Inspiration. Friedirch Adler &#8211; Emil Kellermann. Lehrer und Sch\u00fcler. In: Kat. Friedrich Adler: Zwischen Jugendstil und Art Deco. Hrsg. v. Brigitte Leonhard, Norbert G\u00f6tz und Dieter Z\u00fchlsdorff. Ausstellung u. a. im Germnaischen Nationalmuseum N\u00fcrnberg 1994.<\/li>\n<li>Diverse Artikel: Monatsanzeiger. Museen und Ausstellungen in N\u00fcrnberg. Hrsg. v. Germanischen Nationalmuseum, Dezember 1990-1995.<\/li>\n<\/ul>\n<h5>Redaktion<\/h5>\n<ul type=\"square\">\n<li>Verlag f\u00fcr moderne Kunst: Katalog Gregor Kozik (1996), Katalog Herbert Peters (1996), Katalog Hermann Rudorf (1995) und Katalog \u201ePositionen + Tendenzen. Junge Kunst in Franken\u201c (1994\/95) f\u00fcr die Albrecht D\u00fcrer Gesellschaft N\u00fcrnberg in Zusammenarbeit mit dem Institut f\u00fcr moderne Kunst.<\/li>\n<\/ul>\n<h5>Reden und Vortr\u00e4ge (Auswahl)<\/h5>\n<ul type=\"disc\">\n<li>Vortr\u00e4ge f\u00fcr das Bildungszentrum der Stadt N\u00fcrnberg (1998-1999): Vom Symbolismus zum Jugendstil, Die B\u00fcrgerliche Villa in Deutschland 1830-1910, Das Zeitalter der Pr\u00e4raffaeliten, Symbolismus in Gro\u00dfbritannien 1860-1910, Englischer Symbolismus, Die Nabis: Erleuchtete.<\/li>\n<li>Reden: vor der Albrecht D\u00fcrer Gesellschaft N\u00fcrnberg zur Ausstellung \u201aPositionen und Tendenzen\u2019 1995, f\u00fcr Karin Hoerler in der Frankfurter Sparkasse 1996, \u00fcber Carl Bantzer w\u00e4hrend des internationalen Symposium im Germanischen Nationalmuseun N\u00fcrnberg \u201aIm Zeichen der Ebene und des Himmels \u2013 K\u00fcnstlerkolonien in Europa 1997, f\u00fcr Pierre Marie Brisson in Galerie Voigt N\u00fcrnberg 1998, H\u00e4ngung, Vernissage-Rede f\u00fcr Jetztkunst.de, Rede zur Preisverleihung an Martin Dege\/Kassel f\u00fcr Jetztkunst.de im November 2001, f\u00fcr die Ausstellung von Heike und Helmut Hahn im Tucherschlo\u00df N\u00fcrnberg Sommer 2001, f\u00fcr Claudia Sch\u00f6ners Ausstellung \u201aAbendmahl\u2018 im Museum Zirndorf am 12. Oktober 2001, f\u00fcr die Ausstellung \u201aKurzgeschichten\u2019 von Christiane Spahl in der Galerie Bernsteinzimmer N\u00fcrnberg Januar 2002, f\u00fcr Stefanie P\u00f6llots Ausstellung \u201eBomerang\u201c in Galerie Kohlenhof N\u00fcrnberg im April 2002, f\u00fcr Elisabeth Ensenberger in der Galerie Bernsteinzimmer N\u00fcrnberg Juni 2002, f\u00fcr Katja Thens Ausstellung PARTING im Showroom, N\u00fcrnberg im Mai 2003, \u201aWer ist Irma Stolz\u2019 in der Galerie Bernsteinzimmer N\u00fcrnberg Oktober 2003, f\u00fcr Claudia Ecks Ausstellung in Galerie Arka M\u00fcnchen im M\u00e4rz 2004, f\u00fcr Rudolf Henninger im Kraftwerk Franken II im Mai 2004, f\u00fcr \u201anice in Nice\u2019 in der Galerie Bernsteinzimmer N\u00fcrnberg August 2004, Audrey Ng (Amsterdam) \u201aartistic poses\u2019 in Galerie Bernsteinzimmer N\u00fcrnberg im M\u00e4rz 2004, f\u00fcr Claudia Eck in der Galerie Arka M\u00fcnchen im M\u00e4rz 2004, Er\u00f6ffnung der Internationalen K\u00fcnstlerkolonie Schloss Almoshof N\u00fcrnberg Juni 2005, f\u00fcr Roger Libesch in der Galerie Bernsteinzimmer N\u00fcrnberg Oktober 2006, f\u00fcr Graz Kunstverein Regensburg \u201aDie Fragmentierte Frau\u2019 im Rahmen der Ausstellung \u201afemale\u2019 im Mai 2007.<\/li>\n<li>Er\u00f6ffnungsrede der Ausstellung von Claudia Eck &#8218;Farbraum und Farbrythmus&#8216; im Stadttheater F\u00fcrth, April 2008.<\/li>\n<li>Alle Texte und Er\u00f6ffnungsreden f\u00fcr Spitzbart Treppen von 2007 bis 2009.<\/li>\n<\/ul>\n<h5>Symposium<\/h5>\n<ul type=\"square\">\n<li>Teilnahme an kulturpolitische Diskussionsrunde in der Stadtgalerie Villa Dassauer Bamberg am 23.11.05 Ursula Sowa (B\u00fcndnis90\/Die Gr\u00fcnen, OB-Kanditatin), Monika Bieber (Sprecherin der SPD-Fraktion), Peter Braun (Autor), Gerhard Schl\u00f6tzer (Fotograf), Dr. Dieter Rossmeissl (Referent f\u00fcr Kultur\/Erlangen)<\/li>\n<li>Teilnahme an \u201eBilder und Bauten Unteritaliens zur Zeit der Normannen und Staufer. Auf den Spuren des Kieler Kunsthistorikers Arthur Haseloff in Apulien\u2018. Ein internationales Symposium der Societ\u00e0 Dante Alighieri \/ Deutsch-Italienische Gesellschaft e. V. Kiel und des Kunsthistorischen Instituts der Christian-Albrechts-Universit\u00e4t im Mai 2001<\/li>\n<li>Teilnahme an EVA 2000 Berlin, Elektronische Bildverarbeitung Kunst, Kultur, Historie in den Staatlichen Museeen zu Berlin, Preu\u00dfischer Kulturbesitz<\/li>\n<li>Vortrag \u201eCarl Bantzer im Archiv f\u00fcr Bildende Kunst. Eine Fallstudie zur Vergleichbarkeit von K\u00fcnstlerkolonien und K\u00fcnstlerindividuen\u201c beim internationales Symposium \u201eIm Zeichen der Ebene und des Himmels\u201c Am Germanischen Nationalmuseum (1998) u.a. mit Jost Hermand, Tilmann Buddensieg<\/li>\n<\/ul>\n","protected":false},"excerpt":{"rendered":"<p>Ausstellungen Seit dem Herbst 2005 bestand eine Kooperation zwischen dem Kunstb\u00fcro Winter und der Firma Spitzbart Treppen, die im Januar 2010 endete, als Dr. Annegret Winter f\u00fcr drei Jahre nach Wien ging. Im Rahmen dieser T\u00e4tigkeit entstanden verschiedenen Ausstellungen. Am 19. September 2008 er\u00f6ffnete das\u00a0Forum Treppe\u00a0im Stammhaus der Firma Spitzbart mit einer Ausstellung neunzehn zeitgen\u00f6ssischer [&hellip;]<\/p>\n","protected":false},"author":2,"featured_media":0,"parent":0,"menu_order":0,"comment_status":"open","ping_status":"open","template":"","meta":{"footnotes":""},"class_list":["post-16","page","type-page","status-publish","hentry"],"_links":{"self":[{"href":"http:\/\/www.kunstbuero-winter.de\/wordpress\/wp-json\/wp\/v2\/pages\/16","targetHints":{"allow":["GET"]}}],"collection":[{"href":"http:\/\/www.kunstbuero-winter.de\/wordpress\/wp-json\/wp\/v2\/pages"}],"about":[{"href":"http:\/\/www.kunstbuero-winter.de\/wordpress\/wp-json\/wp\/v2\/types\/page"}],"author":[{"embeddable":true,"href":"http:\/\/www.kunstbuero-winter.de\/wordpress\/wp-json\/wp\/v2\/users\/2"}],"replies":[{"embeddable":true,"href":"http:\/\/www.kunstbuero-winter.de\/wordpress\/wp-json\/wp\/v2\/comments?post=16"}],"version-history":[{"count":63,"href":"http:\/\/www.kunstbuero-winter.de\/wordpress\/wp-json\/wp\/v2\/pages\/16\/revisions"}],"predecessor-version":[{"id":289,"href":"http:\/\/www.kunstbuero-winter.de\/wordpress\/wp-json\/wp\/v2\/pages\/16\/revisions\/289"}],"wp:attachment":[{"href":"http:\/\/www.kunstbuero-winter.de\/wordpress\/wp-json\/wp\/v2\/media?parent=16"}],"curies":[{"name":"wp","href":"https:\/\/api.w.org\/{rel}","templated":true}]}}